{"id":1833,"date":"2025-08-09T19:42:22","date_gmt":"2025-08-09T16:42:22","guid":{"rendered":"https:\/\/cancerdisinfo.org\/kategori\/"},"modified":"2025-10-03T23:30:03","modified_gmt":"2025-10-03T20:30:03","slug":"kategoriler-2","status":"publish","type":"page","link":"https:\/\/cancerdisinfo.org\/tr\/kategoriler-2\/","title":{"rendered":""},"content":{"rendered":"\n<div class=\"wp-block-group alignfull is-style-section-3 is-content-justification-center\" style=\"margin-top:0;margin-bottom:0;padding-top:var(--wp--preset--spacing--40);padding-bottom:var(--wp--preset--spacing--40)\"><div class=\"wp-block-group__inner-container is-layout-constrained wp-block-group-is-layout-constrained\">\n<div class=\"wp-block-columns alignwide is-layout-flex wp-container-core-columns-is-layout-2bfd0c50 wp-block-columns-is-layout-flex\">\n<div class=\"wp-block-column is-layout-flow wp-block-column-is-layout-flow\" style=\"flex-basis:350px\">\n<h1 class=\"wp-block-heading wp-container-content-958eb9dc\">Kategoriler<\/h1>\n\n\n\n<div style=\"height:22px\" aria-hidden=\"true\" class=\"wp-block-spacer\"><\/div>\n\n\n\n<p class=\"wp-block-paragraph\">Kanserle ilgili do\u011frulama yaz\u0131lar\u0131m\u0131z\u0131, uzman g\u00f6r\u00fc\u015flerimizi ve g\u00fcvenilir kaynaklar\u0131m\u0131z\u0131 ke\u015ffedin. Her kategori; kanser ger\u00e7ekleri, tedavi g\u00fcncellemeleri, sa\u011fl\u0131k okuryazarl\u0131\u011f\u0131 ve ki\u015fisel hik\u00e2yeler gibi konularda yolunuzu bulman\u0131za yard\u0131mc\u0131 olur. <\/p>\n<\/div>\n\n\n\n<div class=\"wp-block-column is-layout-flow wp-block-column-is-layout-flow\">\n<div class=\"wp-block-group is-layout-grid wp-container-core-group-is-layout-f9c9eed7 wp-block-group-is-layout-grid\">\n<div class=\"wp-block-group ndr-category-card\"><div class=\"wp-block-group__inner-container is-layout-flow wp-block-group-is-layout-flow\">\n<figure class=\"wp-block-image size-large wp-duotone-purple-yellow\"><img data-recalc-dims=\"1\" loading=\"lazy\" decoding=\"async\" width=\"640\" height=\"960\" src=\"https:\/\/i0.wp.com\/cancerdisinfo.org\/wp-content\/uploads\/2025\/07\/pexels-photo-7602920.jpeg?resize=640%2C960&#038;ssl=1\" alt=\"duvara yasl\u0131 sandalyeler\" class=\"wp-image-715\" style=\"aspect-ratio:4\/3;object-fit:cover\" srcset=\"https:\/\/i0.wp.com\/cancerdisinfo.org\/wp-content\/uploads\/2025\/07\/pexels-photo-7602920.jpeg?resize=683%2C1024&amp;ssl=1 683w, https:\/\/i0.wp.com\/cancerdisinfo.org\/wp-content\/uploads\/2025\/07\/pexels-photo-7602920.jpeg?resize=200%2C300&amp;ssl=1 200w, https:\/\/i0.wp.com\/cancerdisinfo.org\/wp-content\/uploads\/2025\/07\/pexels-photo-7602920.jpeg?resize=100%2C150&amp;ssl=1 100w, https:\/\/i0.wp.com\/cancerdisinfo.org\/wp-content\/uploads\/2025\/07\/pexels-photo-7602920.jpeg?resize=768%2C1152&amp;ssl=1 768w, https:\/\/i0.wp.com\/cancerdisinfo.org\/wp-content\/uploads\/2025\/07\/pexels-photo-7602920.jpeg?w=867&amp;ssl=1 867w\" sizes=\"auto, (max-width: 640px) 100vw, 640px\" \/><\/figure>\n\n\n\n<h2 class=\"wp-block-heading\">Sohbete Kat\u0131l<\/h2>\n\n\n\n<p class=\"is-service-description wp-block-paragraph\">Bu b\u00f6l\u00fcmde, ya\u015famlar\u0131na kanserin dokundu\u011fu hastalar, bak\u0131m verenler, aile \u00fcyeleri, doktorlar ve arkada\u015flar\u0131n ger\u00e7ek hik\u00e2yelerini payla\u015f\u0131yoruz.<\/p>\n\n\n\n<div class=\"wp-block-buttons has-custom-font-size has-small-font-size is-content-justification-center is-layout-flex wp-container-core-buttons-is-layout-fe48e5de wp-block-buttons-is-layout-flex\">\n<div class=\"wp-block-button has-custom-width wp-block-button__width-75 is-style-outline is-style-outline--1\"><a class=\"wp-block-button__link has-custom-font-size wp-element-button\" href=\"https:\/\/cancerdisinfo.org\/tr\/category\/sohbete-katilin-tr\/\" style=\"border-radius:6px;font-size:16px\">Toplulu\u011fun Par\u00e7as\u0131 Ol<\/a><\/div>\n<\/div>\n\n\n\n<div style=\"height:10px\" aria-hidden=\"true\" class=\"wp-block-spacer\"><\/div>\n<\/div><\/div>\n\n\n\n<div class=\"wp-block-group ndr-category-card\"><div class=\"wp-block-group__inner-container is-layout-flow wp-block-group-is-layout-flow\">\n<figure class=\"wp-block-image size-full wp-duotone-purple-yellow\"><img data-recalc-dims=\"1\" loading=\"lazy\" decoding=\"async\" width=\"640\" height=\"537\" src=\"https:\/\/i0.wp.com\/cancerdisinfo.org\/wp-content\/uploads\/2025\/06\/pexels-photo-32575528-edited-e1750436459454.jpeg?resize=640%2C537&#038;ssl=1\" alt=\"indiana park'ta huzurlu pi\u0307kni\u0307k noktasi\" class=\"wp-image-198\" style=\"aspect-ratio:4\/3;object-fit:cover\" srcset=\"https:\/\/i0.wp.com\/cancerdisinfo.org\/wp-content\/uploads\/2025\/06\/pexels-photo-32575528-edited-e1750436459454.jpeg?w=973&amp;ssl=1 973w, https:\/\/i0.wp.com\/cancerdisinfo.org\/wp-content\/uploads\/2025\/06\/pexels-photo-32575528-edited-e1750436459454.jpeg?resize=300%2C252&amp;ssl=1 300w, https:\/\/i0.wp.com\/cancerdisinfo.org\/wp-content\/uploads\/2025\/06\/pexels-photo-32575528-edited-e1750436459454.jpeg?resize=150%2C126&amp;ssl=1 150w, https:\/\/i0.wp.com\/cancerdisinfo.org\/wp-content\/uploads\/2025\/06\/pexels-photo-32575528-edited-e1750436459454.jpeg?resize=768%2C644&amp;ssl=1 768w\" sizes=\"auto, (max-width: 640px) 100vw, 640px\" \/><\/figure>\n\n\n\n<h2 class=\"wp-block-heading\">Kanser Ger\u00e7ekleri<\/h2>\n\n\n\n<p class=\"is-service-description wp-block-paragraph\">Burada kanserle ilgili a\u00e7\u0131k ve kan\u0131ta dayal\u0131 bilgiler bulacaks\u0131n\u0131z.<\/p>\n\n\n\n<div class=\"wp-block-buttons has-custom-font-size has-small-font-size is-content-justification-center is-layout-flex wp-container-core-buttons-is-layout-fe48e5de wp-block-buttons-is-layout-flex\">\n<div class=\"wp-block-button has-custom-width wp-block-button__width-75 is-style-outline is-style-outline--2\"><a class=\"wp-block-button__link has-custom-font-size wp-element-button\" href=\"https:\/\/cancerdisinfo.org\/tr\/kategori\/kanser-gercekleri\/\" style=\"border-radius:6px;font-size:16px\">Ger\u00e7eklere Gidin<\/a><\/div>\n<\/div>\n\n\n\n<div style=\"height:10px\" aria-hidden=\"true\" class=\"wp-block-spacer\"><\/div>\n<\/div><\/div>\n\n\n\n<div class=\"wp-block-group ndr-category-card\"><div class=\"wp-block-group__inner-container is-layout-flow wp-block-group-is-layout-flow\">\n<figure class=\"wp-block-image size-large wp-duotone-purple-yellow\"><img data-recalc-dims=\"1\" loading=\"lazy\" decoding=\"async\" width=\"640\" height=\"426\" src=\"https:\/\/i0.wp.com\/cancerdisinfo.org\/wp-content\/uploads\/2025\/06\/pexels-photo-256517.jpeg?resize=640%2C426&#038;ssl=1\" alt=\"k\u00fct\u00fcphanedeki rafta kitaplar\" class=\"wp-image-976\" style=\"aspect-ratio:4\/3;object-fit:cover\" srcset=\"https:\/\/i0.wp.com\/cancerdisinfo.org\/wp-content\/uploads\/2025\/06\/pexels-photo-256517.jpeg?resize=1024%2C682&amp;ssl=1 1024w, https:\/\/i0.wp.com\/cancerdisinfo.org\/wp-content\/uploads\/2025\/06\/pexels-photo-256517.jpeg?resize=300%2C200&amp;ssl=1 300w, https:\/\/i0.wp.com\/cancerdisinfo.org\/wp-content\/uploads\/2025\/06\/pexels-photo-256517.jpeg?resize=150%2C100&amp;ssl=1 150w, https:\/\/i0.wp.com\/cancerdisinfo.org\/wp-content\/uploads\/2025\/06\/pexels-photo-256517.jpeg?resize=768%2C512&amp;ssl=1 768w, https:\/\/i0.wp.com\/cancerdisinfo.org\/wp-content\/uploads\/2025\/06\/pexels-photo-256517.jpeg?resize=1536%2C1024&amp;ssl=1 1536w, https:\/\/i0.wp.com\/cancerdisinfo.org\/wp-content\/uploads\/2025\/06\/pexels-photo-256517.jpeg?resize=1200%2C800&amp;ssl=1 1200w, https:\/\/i0.wp.com\/cancerdisinfo.org\/wp-content\/uploads\/2025\/06\/pexels-photo-256517.jpeg?w=1880&amp;ssl=1 1880w, https:\/\/i0.wp.com\/cancerdisinfo.org\/wp-content\/uploads\/2025\/06\/pexels-photo-256517.jpeg?w=1280&amp;ssl=1 1280w\" sizes=\"auto, (max-width: 640px) 100vw, 640px\" \/><\/figure>\n\n\n\n<h2 class=\"wp-block-heading\">Sa\u011fl\u0131k Okuryazarl\u0131\u011f\u0131<\/h2>\n\n\n\n<p class=\"is-service-description wp-block-paragraph\">Bu b\u00f6l\u00fcm, dijital d\u00fcnyadaki sa\u011fl\u0131k bilgilerini anlamland\u0131rman\u0131za yard\u0131mc\u0131 olur.<\/p>\n\n\n\n<div class=\"wp-block-buttons has-custom-font-size has-small-font-size is-content-justification-center is-layout-flex wp-container-core-buttons-is-layout-fe48e5de wp-block-buttons-is-layout-flex\">\n<div class=\"wp-block-button has-custom-width wp-block-button__width-75 is-style-outline is-style-outline--3\"><a class=\"wp-block-button__link has-custom-font-size wp-element-button\" href=\"https:\/\/cancerdisinfo.org\/tr\/kategori\/saglik-okuryazarligi\/\" style=\"border-radius:6px;font-size:16px\">Birlikte G\u00fc\u00e7lenelim<\/a><\/div>\n<\/div>\n\n\n\n<div style=\"height:10px\" aria-hidden=\"true\" class=\"wp-block-spacer\"><\/div>\n<\/div><\/div>\n\n\n\n<div class=\"wp-block-group ndr-category-card\"><div class=\"wp-block-group__inner-container is-layout-flow wp-block-group-is-layout-flow\">\n<figure class=\"wp-block-image size-large wp-duotone-purple-yellow\"><img data-recalc-dims=\"1\" loading=\"lazy\" decoding=\"async\" width=\"640\" height=\"428\" src=\"https:\/\/i0.wp.com\/cancerdisinfo.org\/wp-content\/uploads\/2025\/08\/pexels-photo-1662567.jpeg?resize=640%2C428&#038;ssl=1\" alt=\"Ye\u015fil yaprakl\u0131 asmalar\u0131n dokulu bir tu\u011fla duvar \u00fczerinde b\u00fcy\u00fcd\u00fc\u011f\u00fc yak\u0131n plan bir g\u00f6r\u00fcn\u00fcm.\" class=\"wp-image-1006\" style=\"aspect-ratio:4\/3;object-fit:cover\" srcset=\"https:\/\/i0.wp.com\/cancerdisinfo.org\/wp-content\/uploads\/2025\/08\/pexels-photo-1662567.jpeg?resize=1024%2C684&amp;ssl=1 1024w, https:\/\/i0.wp.com\/cancerdisinfo.org\/wp-content\/uploads\/2025\/08\/pexels-photo-1662567.jpeg?resize=300%2C200&amp;ssl=1 300w, https:\/\/i0.wp.com\/cancerdisinfo.org\/wp-content\/uploads\/2025\/08\/pexels-photo-1662567.jpeg?resize=150%2C100&amp;ssl=1 150w, https:\/\/i0.wp.com\/cancerdisinfo.org\/wp-content\/uploads\/2025\/08\/pexels-photo-1662567.jpeg?resize=768%2C513&amp;ssl=1 768w, https:\/\/i0.wp.com\/cancerdisinfo.org\/wp-content\/uploads\/2025\/08\/pexels-photo-1662567.jpeg?resize=1536%2C1026&amp;ssl=1 1536w, https:\/\/i0.wp.com\/cancerdisinfo.org\/wp-content\/uploads\/2025\/08\/pexels-photo-1662567.jpeg?resize=1200%2C802&amp;ssl=1 1200w, https:\/\/i0.wp.com\/cancerdisinfo.org\/wp-content\/uploads\/2025\/08\/pexels-photo-1662567.jpeg?w=1880&amp;ssl=1 1880w, https:\/\/i0.wp.com\/cancerdisinfo.org\/wp-content\/uploads\/2025\/08\/pexels-photo-1662567.jpeg?w=1280&amp;ssl=1 1280w\" sizes=\"auto, (max-width: 640px) 100vw, 640px\" \/><\/figure>\n\n\n\n<h2 class=\"wp-block-heading\">Ekip G\u00fcnl\u00fc\u011f\u00fc<\/h2>\n\n\n\n<p class=\"is-service-description wp-block-paragraph\">Bu b\u00f6l\u00fcmde proje g\u00fcncellemelerimizi, i\u015f birliklerimizi, etkinlik duyurular\u0131m\u0131z\u0131 ve \u00e7al\u0131\u015fmalar\u0131m\u0131za dair de\u011ferlendirmelerimizi payla\u015f\u0131yoruz.<\/p>\n\n\n\n<div class=\"wp-block-buttons has-custom-font-size has-small-font-size is-content-justification-center is-layout-flex wp-container-core-buttons-is-layout-fe48e5de wp-block-buttons-is-layout-flex\">\n<div class=\"wp-block-button has-custom-width wp-block-button__width-75 is-style-outline is-style-outline--4\"><a class=\"wp-block-button__link has-custom-font-size wp-element-button\" href=\"https:\/\/cancerdisinfo.org\/tr\/kategori\/ekip-gunlugu\/\" style=\"border-radius:6px;font-size:16px\">Neler Yap\u0131yoruz?<\/a><\/div>\n<\/div>\n\n\n\n<div style=\"height:10px\" aria-hidden=\"true\" class=\"wp-block-spacer\"><\/div>\n<\/div><\/div>\n<\/div>\n<\/div>\n<\/div>\n<\/div><\/div>\n\n\n\n<p class=\"wp-block-paragraph\"><\/p>\n","protected":false},"excerpt":{"rendered":"<p>Kategoriler Kanserle ilgili do\u011frulama yaz\u0131lar\u0131m\u0131z\u0131, uzman g\u00f6r\u00fc\u015flerimizi ve g\u00fcvenilir kaynaklar\u0131m\u0131z\u0131 ke\u015ffedin. Her kategori; kanser ger\u00e7ekleri, tedavi g\u00fcncellemeleri, sa\u011fl\u0131k okuryazarl\u0131\u011f\u0131 ve ki\u015fisel hik\u00e2yeler gibi konularda yolunuzu bulman\u0131za yard\u0131mc\u0131 olur. Sohbete Kat\u0131l Bu b\u00f6l\u00fcmde, ya\u015famlar\u0131na kanserin dokundu\u011fu hastalar, bak\u0131m verenler, aile \u00fcyeleri, doktorlar ve arkada\u015flar\u0131n ger\u00e7ek hik\u00e2yelerini payla\u015f\u0131yoruz. Kanser Ger\u00e7ekleri Burada kanserle ilgili a\u00e7\u0131k ve kan\u0131ta dayal\u0131 [&hellip;]<\/p>\n","protected":false},"author":267046816,"featured_media":0,"parent":0,"menu_order":0,"comment_status":"closed","ping_status":"closed","template":"","meta":{"_crdt_document":"","footnotes":""},"class_list":["post-1833","page","type-page","status-publish","hentry"],"yoast_head":"<!-- This site is optimized with the Yoast SEO Premium plugin v27.1 (Yoast SEO v27.4) - https:\/\/yoast.com\/product\/yoast-seo-premium-wordpress\/ -->\n<title>Kategoriler - CancerDisinfo<\/title>\n<meta name=\"description\" content=\"Kanserle ilgili do\u011frulama yaz\u0131lar\u0131m\u0131z\u0131, uzman g\u00f6r\u00fc\u015flerimizi ve g\u00fcvenilir kaynaklar\u0131m\u0131z\u0131 ke\u015ffedin. Her kategori; kanser ger\u00e7ekleri, tedavi g\u00fcncellemeleri, sa\u011fl\u0131k okuryazarl\u0131\u011f\u0131 ve ki\u015fisel hik\u00e2yeler gibi konularda yolunuzu bulman\u0131za yard\u0131mc\u0131 olur.\" \/>\n<meta name=\"robots\" content=\"index, follow, max-snippet:-1, max-image-preview:large, max-video-preview:-1\" \/>\n<link rel=\"canonical\" href=\"https:\/\/cancerdisinfo.org\/tr\/kategoriler-2\/\" \/>\n<meta property=\"og:locale\" content=\"tr_TR\" \/>\n<meta property=\"og:type\" content=\"article\" \/>\n<meta property=\"og:description\" content=\"Kanserle ilgili do\u011frulama yaz\u0131lar\u0131m\u0131z\u0131, uzman g\u00f6r\u00fc\u015flerimizi ve g\u00fcvenilir kaynaklar\u0131m\u0131z\u0131 ke\u015ffedin. Her kategori; kanser ger\u00e7ekleri, tedavi g\u00fcncellemeleri, sa\u011fl\u0131k okuryazarl\u0131\u011f\u0131 ve ki\u015fisel hik\u00e2yeler gibi konularda yolunuzu bulman\u0131za yard\u0131mc\u0131 olur.\" \/>\n<meta property=\"og:url\" content=\"https:\/\/cancerdisinfo.org\/tr\/kategoriler-2\/\" \/>\n<meta property=\"og:site_name\" content=\"CancerDisinfo\" \/>\n<meta property=\"article:modified_time\" content=\"2025-10-03T20:30:03+00:00\" \/>\n<meta property=\"og:image\" content=\"https:\/\/cancerdisinfo.org\/wp-content\/uploads\/2025\/07\/pexels-photo-7602920-683x1024.jpeg\" \/>\n<meta name=\"twitter:card\" content=\"summary_large_image\" \/>\n<meta name=\"twitter:label1\" content=\"Tahmini okuma s\u00fcresi\" \/>\n\t<meta name=\"twitter:data1\" content=\"2 dakika\" \/>\n<script type=\"application\/ld+json\" class=\"yoast-schema-graph\">{\"@context\":\"https:\\\/\\\/schema.org\",\"@graph\":[{\"@type\":\"WebPage\",\"@id\":\"https:\\\/\\\/cancerdisinfo.org\\\/tr\\\/kategoriler-2\\\/\",\"url\":\"https:\\\/\\\/cancerdisinfo.org\\\/tr\\\/kategoriler-2\\\/\",\"name\":\"Kategoriler - CancerDisinfo\",\"isPartOf\":{\"@id\":\"https:\\\/\\\/cancerdisinfo.org\\\/#website\"},\"primaryImageOfPage\":{\"@id\":\"https:\\\/\\\/cancerdisinfo.org\\\/tr\\\/kategoriler-2\\\/#primaryimage\"},\"image\":{\"@id\":\"https:\\\/\\\/cancerdisinfo.org\\\/tr\\\/kategoriler-2\\\/#primaryimage\"},\"thumbnailUrl\":\"https:\\\/\\\/cancerdisinfo.org\\\/wp-content\\\/uploads\\\/2025\\\/07\\\/pexels-photo-7602920-683x1024.jpeg\",\"datePublished\":\"2025-08-09T16:42:22+00:00\",\"dateModified\":\"2025-10-03T20:30:03+00:00\",\"description\":\"Kanserle ilgili do\u011frulama yaz\u0131lar\u0131m\u0131z\u0131, uzman g\u00f6r\u00fc\u015flerimizi ve g\u00fcvenilir kaynaklar\u0131m\u0131z\u0131 ke\u015ffedin. Her kategori; kanser ger\u00e7ekleri, tedavi g\u00fcncellemeleri, sa\u011fl\u0131k okuryazarl\u0131\u011f\u0131 ve ki\u015fisel hik\u00e2yeler gibi konularda yolunuzu bulman\u0131za yard\u0131mc\u0131 olur.\",\"inLanguage\":\"tr\",\"potentialAction\":[{\"@type\":\"ReadAction\",\"target\":[\"https:\\\/\\\/cancerdisinfo.org\\\/tr\\\/kategoriler-2\\\/\"]}]},{\"@type\":\"ImageObject\",\"inLanguage\":\"tr\",\"@id\":\"https:\\\/\\\/cancerdisinfo.org\\\/tr\\\/kategoriler-2\\\/#primaryimage\",\"url\":\"https:\\\/\\\/cancerdisinfo.org\\\/wp-content\\\/uploads\\\/2025\\\/07\\\/pexels-photo-7602920-683x1024.jpeg\",\"contentUrl\":\"https:\\\/\\\/cancerdisinfo.org\\\/wp-content\\\/uploads\\\/2025\\\/07\\\/pexels-photo-7602920-683x1024.jpeg\"},{\"@type\":\"WebSite\",\"@id\":\"https:\\\/\\\/cancerdisinfo.org\\\/#website\",\"url\":\"https:\\\/\\\/cancerdisinfo.org\\\/\",\"name\":\"CancerDisinfo\",\"description\":\"reach@cancerdisinfo.org\",\"publisher\":{\"@id\":\"https:\\\/\\\/cancerdisinfo.org\\\/#organization\"},\"potentialAction\":[{\"@type\":\"SearchAction\",\"target\":{\"@type\":\"EntryPoint\",\"urlTemplate\":\"https:\\\/\\\/cancerdisinfo.org\\\/?s={search_term_string}\"},\"query-input\":{\"@type\":\"PropertyValueSpecification\",\"valueRequired\":true,\"valueName\":\"search_term_string\"}}],\"inLanguage\":\"tr\"},{\"@type\":\"Organization\",\"@id\":\"https:\\\/\\\/cancerdisinfo.org\\\/#organization\",\"name\":\"CancerDisinfo\",\"url\":\"https:\\\/\\\/cancerdisinfo.org\\\/\",\"logo\":{\"@type\":\"ImageObject\",\"inLanguage\":\"tr\",\"@id\":\"https:\\\/\\\/cancerdisinfo.org\\\/#\\\/schema\\\/logo\\\/image\\\/\",\"url\":\"https:\\\/\\\/i0.wp.com\\\/cancerdisinfo.org\\\/wp-content\\\/uploads\\\/2025\\\/08\\\/cropped-Cancer-1-1.png?fit=4658%2C1681&ssl=1\",\"contentUrl\":\"https:\\\/\\\/i0.wp.com\\\/cancerdisinfo.org\\\/wp-content\\\/uploads\\\/2025\\\/08\\\/cropped-Cancer-1-1.png?fit=4658%2C1681&ssl=1\",\"width\":4658,\"height\":1681,\"caption\":\"CancerDisinfo\"},\"image\":{\"@id\":\"https:\\\/\\\/cancerdisinfo.org\\\/#\\\/schema\\\/logo\\\/image\\\/\"},\"sameAs\":[\"https:\\\/\\\/www.instagram.com\\\/cancer_disinfo\\\/\",\"https:\\\/\\\/www.linkedin.com\\\/company\\\/cancerdisinfo\\\/about\\\/\"]}]}<\/script>\n<!-- \/ Yoast SEO Premium plugin. -->","yoast_head_json":{"title":"Kategoriler - CancerDisinfo","description":"Kanserle ilgili do\u011frulama yaz\u0131lar\u0131m\u0131z\u0131, uzman g\u00f6r\u00fc\u015flerimizi ve g\u00fcvenilir kaynaklar\u0131m\u0131z\u0131 ke\u015ffedin. Her kategori; kanser ger\u00e7ekleri, tedavi g\u00fcncellemeleri, sa\u011fl\u0131k okuryazarl\u0131\u011f\u0131 ve ki\u015fisel hik\u00e2yeler gibi konularda yolunuzu bulman\u0131za yard\u0131mc\u0131 olur.","robots":{"index":"index","follow":"follow","max-snippet":"max-snippet:-1","max-image-preview":"max-image-preview:large","max-video-preview":"max-video-preview:-1"},"canonical":"https:\/\/cancerdisinfo.org\/tr\/kategoriler-2\/","og_locale":"tr_TR","og_type":"article","og_description":"Kanserle ilgili do\u011frulama yaz\u0131lar\u0131m\u0131z\u0131, uzman g\u00f6r\u00fc\u015flerimizi ve g\u00fcvenilir kaynaklar\u0131m\u0131z\u0131 ke\u015ffedin. Her kategori; kanser ger\u00e7ekleri, tedavi g\u00fcncellemeleri, sa\u011fl\u0131k okuryazarl\u0131\u011f\u0131 ve ki\u015fisel hik\u00e2yeler gibi konularda yolunuzu bulman\u0131za yard\u0131mc\u0131 olur.","og_url":"https:\/\/cancerdisinfo.org\/tr\/kategoriler-2\/","og_site_name":"CancerDisinfo","article_modified_time":"2025-10-03T20:30:03+00:00","og_image":[{"url":"https:\/\/cancerdisinfo.org\/wp-content\/uploads\/2025\/07\/pexels-photo-7602920-683x1024.jpeg","type":"","width":"","height":""}],"twitter_card":"summary_large_image","twitter_misc":{"Tahmini okuma s\u00fcresi":"2 dakika"},"schema":{"@context":"https:\/\/schema.org","@graph":[{"@type":"WebPage","@id":"https:\/\/cancerdisinfo.org\/tr\/kategoriler-2\/","url":"https:\/\/cancerdisinfo.org\/tr\/kategoriler-2\/","name":"Kategoriler - CancerDisinfo","isPartOf":{"@id":"https:\/\/cancerdisinfo.org\/#website"},"primaryImageOfPage":{"@id":"https:\/\/cancerdisinfo.org\/tr\/kategoriler-2\/#primaryimage"},"image":{"@id":"https:\/\/cancerdisinfo.org\/tr\/kategoriler-2\/#primaryimage"},"thumbnailUrl":"https:\/\/cancerdisinfo.org\/wp-content\/uploads\/2025\/07\/pexels-photo-7602920-683x1024.jpeg","datePublished":"2025-08-09T16:42:22+00:00","dateModified":"2025-10-03T20:30:03+00:00","description":"Kanserle ilgili do\u011frulama yaz\u0131lar\u0131m\u0131z\u0131, uzman g\u00f6r\u00fc\u015flerimizi ve g\u00fcvenilir kaynaklar\u0131m\u0131z\u0131 ke\u015ffedin. Her kategori; kanser ger\u00e7ekleri, tedavi g\u00fcncellemeleri, sa\u011fl\u0131k okuryazarl\u0131\u011f\u0131 ve ki\u015fisel hik\u00e2yeler gibi konularda yolunuzu bulman\u0131za yard\u0131mc\u0131 olur.","inLanguage":"tr","potentialAction":[{"@type":"ReadAction","target":["https:\/\/cancerdisinfo.org\/tr\/kategoriler-2\/"]}]},{"@type":"ImageObject","inLanguage":"tr","@id":"https:\/\/cancerdisinfo.org\/tr\/kategoriler-2\/#primaryimage","url":"https:\/\/cancerdisinfo.org\/wp-content\/uploads\/2025\/07\/pexels-photo-7602920-683x1024.jpeg","contentUrl":"https:\/\/cancerdisinfo.org\/wp-content\/uploads\/2025\/07\/pexels-photo-7602920-683x1024.jpeg"},{"@type":"WebSite","@id":"https:\/\/cancerdisinfo.org\/#website","url":"https:\/\/cancerdisinfo.org\/","name":"CancerDisinfo","description":"reach@cancerdisinfo.org","publisher":{"@id":"https:\/\/cancerdisinfo.org\/#organization"},"potentialAction":[{"@type":"SearchAction","target":{"@type":"EntryPoint","urlTemplate":"https:\/\/cancerdisinfo.org\/?s={search_term_string}"},"query-input":{"@type":"PropertyValueSpecification","valueRequired":true,"valueName":"search_term_string"}}],"inLanguage":"tr"},{"@type":"Organization","@id":"https:\/\/cancerdisinfo.org\/#organization","name":"CancerDisinfo","url":"https:\/\/cancerdisinfo.org\/","logo":{"@type":"ImageObject","inLanguage":"tr","@id":"https:\/\/cancerdisinfo.org\/#\/schema\/logo\/image\/","url":"https:\/\/i0.wp.com\/cancerdisinfo.org\/wp-content\/uploads\/2025\/08\/cropped-Cancer-1-1.png?fit=4658%2C1681&ssl=1","contentUrl":"https:\/\/i0.wp.com\/cancerdisinfo.org\/wp-content\/uploads\/2025\/08\/cropped-Cancer-1-1.png?fit=4658%2C1681&ssl=1","width":4658,"height":1681,"caption":"CancerDisinfo"},"image":{"@id":"https:\/\/cancerdisinfo.org\/#\/schema\/logo\/image\/"},"sameAs":["https:\/\/www.instagram.com\/cancer_disinfo\/","https:\/\/www.linkedin.com\/company\/cancerdisinfo\/about\/"]}]}},"jetpack_likes_enabled":true,"jetpack_sharing_enabled":true,"jetpack_shortlink":"https:\/\/wp.me\/PgfK4C-tz","jetpack-related-posts":[],"_links":{"self":[{"href":"https:\/\/cancerdisinfo.org\/tr\/wp-json\/wp\/v2\/pages\/1833","targetHints":{"allow":["GET"]}}],"collection":[{"href":"https:\/\/cancerdisinfo.org\/tr\/wp-json\/wp\/v2\/pages"}],"about":[{"href":"https:\/\/cancerdisinfo.org\/tr\/wp-json\/wp\/v2\/types\/page"}],"author":[{"embeddable":true,"href":"https:\/\/cancerdisinfo.org\/tr\/wp-json\/wp\/v2\/users\/267046816"}],"replies":[{"embeddable":true,"href":"https:\/\/cancerdisinfo.org\/tr\/wp-json\/wp\/v2\/comments?post=1833"}],"version-history":[{"count":18,"href":"https:\/\/cancerdisinfo.org\/tr\/wp-json\/wp\/v2\/pages\/1833\/revisions"}],"predecessor-version":[{"id":2822,"href":"https:\/\/cancerdisinfo.org\/tr\/wp-json\/wp\/v2\/pages\/1833\/revisions\/2822"}],"wp:attachment":[{"href":"https:\/\/cancerdisinfo.org\/tr\/wp-json\/wp\/v2\/media?parent=1833"}],"curies":[{"name":"wp","href":"https:\/\/api.w.org\/{rel}","templated":true}]}}